{"id":236,"date":"2013-07-02T07:54:52","date_gmt":"2013-07-02T07:54:52","guid":{"rendered":"http:\/\/neolanguageservices.com\/en\/?page_id=2"},"modified":"2014-11-15T15:32:28","modified_gmt":"2014-11-15T15:32:28","slug":"testimonios","status":"publish","type":"page","link":"https:\/\/neolanguageservices.com\/es\/testimonios\/","title":{"rendered":"Resultados: La opini\u00f3n de nuestros clientes lo dice todo."},"content":{"rendered":"<div class=\"one_third first\"><p>\n<div style=\"padding: 12px; background-color: #e8e8e8; line-height: 1.4; width: 90%;\">&#8220;Llamamos a NEO siempre que necesitamos traducciones, correcciones o lecturas de prueba de documentos del espa\u00f1ol al ingl\u00e9s que requieran conocimientos legales tanto latinoamericanos como estadounidenses. Sarah Smith, su directora general, entrega sin falta documentos que no necesitan ning\u00fan trabajo adicional. Hace las preguntas adecuadas al inicio del proyecto, sigue las instrucciones, adhiere a los glosarios y realiza las entregas con puntualidad. En estos momentos, su equipo nos est\u00e1 ayudando con un importante litigio corporativo en curso. <strong>No podr\u00edamos estar m\u00e1s complacidos con el trabajo de NEO y tenemos la intenci\u00f3n de seguir trabajando con ellos en los a\u00f1os por venir.<\/strong>&#8221; \u2014\u00a0<em>Gerente de proyectos para una agencia de traducciones l\u00edder en EE. UU.<\/em><\/div>\n<div style=\"height: 10px;\"><\/div>\n<div style=\"padding: 12px; background-color: #fad7bd; line-height: 1.4; width: 90%;\">&#8220;NEO ha colaborado con nosotros en la realizaci\u00f3n de traducciones al idioma ingl\u00e9s y voice over. <strong>Estamos muy satisfechos con su trabajo<\/strong>, que ha sido realizado con altos est\u00e1ndares de calidad profesional y cumplimiento.&#8221; \u2014\u00a0<em>La Pintada Producciones, Buenos Aires<\/em><\/div>\n<\/p><\/div>\n<div class=\"one_third\"><p>\n<div style=\"padding: 12px; background-color: #dcccbd; line-height: 1.4; width: 90%;\">&#8220;Sarah Smith es una excelente traductora. Entiende los aspectos t\u00e9cnicos de nuestros documentos, sin dejar de prestar atenci\u00f3n al significado en sentido m\u00e1s amplio. Trabaja con eficiencia y cumple todas las fechas de entrega.&#8221; \u2014\u00a0<em>Josh<br \/>\nKarliner, Coordinador del Equipo Internacional, Health Care Without Harm, www.noharm.org<\/em><\/div>\n<div style=\"height: 10px;\"><\/div>\n<div style=\"padding: 12px; background-color: #e8e8e8; line-height: 1.4; width: 90%;\">&#8220;<strong>La traducci\u00f3n de NEO fue simplemente excelente<\/strong>. La traductora fue capaz de captar por completo tanto los aspectos hist\u00f3ricos como te\u00f3ricos cubiertos por mi trabajo en el campo del psicoan\u00e1lisis, expres\u00e1ndolos en un estilo acad\u00e9mico adecuado. Fue meticulosa con la terminolog\u00eda espec\u00edfica de mi campo de estudio y me consult\u00f3 con frecuencia cada vez que tuvo alguna duda. <strong>Sin dudarlo recomendar\u00eda a este grupo a otros acad\u00e9micos que busquen publicar sus trabajos en ingl\u00e9s.<\/strong>&#8221; \u2014\u00a0<em>Laura Gandolfi, Princeton University<\/em><\/div>\n<\/p><\/div>\n<div class=\"one_third last\"><p>\n<div style=\"padding: 12px; background-color: #e8e8e8; line-height: 1.4; width: 90%;\">&#8220;Gracias por habernos ayudado a divulgar nuestros materiales en tiempo y forma. La calidad de las traducciones que recibimos de NEO fue muy buena, y la agilidad del servicio nos result\u00f3 ampliamente satisfactoria. <strong>Realmente, recomendamos a este equipo!<\/strong>&#8221; \u2014\u00a0<em>WRM Uruguay (World Rainforest Movement)<\/em><\/div>\n<div style=\"height: 10px;\"><\/div>\n<div style=\"padding: 12px; background-color: #fad7bd; line-height: 1.4; width: 90%;\">&#8220;NEO es uno de mis grupos habituales para traducciones legales. <strong>La calidad de su trabajo es buena y constante, cumplen con las entregas y sus tarifas son razonables.<\/strong> No dudar\u00eda en recomendarlos.&#8221; \u2014\u00a0<em>Gerente de proyectos, agencia de traducciones l\u00edder en Nueva York<\/em><\/div>\n<\/p><\/div><div class=\"clear\"><\/div>\n","protected":false},"excerpt":{"rendered":"<p>\n&#8220;Llamamos a NEO siempre que necesitamos traducciones, correcciones o lecturas de prueba de documentos del espa\u00f1ol al ingl\u00e9s que requieran conocimientos legales tanto latinoamericanos como estadounidenses. Sarah Smith, su directora general, entrega sin falta documentos &#8230;<\/p>\n","protected":false},"author":2,"featured_media":0,"parent":0,"menu_order":0,"comment_status":"closed","ping_status":"closed","template":"page-fullwidth.php","meta":{"footnotes":""},"class_list":["post-236","page","type-page","status-publish","hentry"],"yoast_head":"<!-- This site is optimized with the Yoast SEO plugin v24.2 - https:\/\/yoast.com\/wordpress\/plugins\/seo\/ -->\n<title>Testimonios de clientes<\/title>\n<meta name=\"robots\" content=\"index, follow, max-snippet:-1, max-image-preview:large, max-video-preview:-1\" \/>\n<link rel=\"canonical\" href=\"https:\/\/neolanguageservices.com\/es\/testimonios\/\" \/>\n<meta property=\"og:locale\" content=\"en_US\" \/>\n<meta property=\"og:type\" content=\"article\" \/>\n<meta property=\"og:title\" content=\"Testimonios de clientes\" \/>\n<meta property=\"og:description\" content=\"&#8220;Llamamos a NEO siempre que necesitamos traducciones, correcciones o lecturas de prueba de documentos del espa\u00f1ol al ingl\u00e9s que requieran conocimientos legales tanto latinoamericanos como estadounidenses. Sarah Smith, su directora general, entrega sin falta documentos ...\" \/>\n<meta property=\"og:url\" content=\"https:\/\/neolanguageservices.com\/es\/testimonios\/\" \/>\n<meta property=\"og:site_name\" content=\"NEO language Services\" \/>\n<meta property=\"article:modified_time\" content=\"2014-11-15T15:32:28+00:00\" \/>\n<meta name=\"twitter:label1\" content=\"Est. reading time\" \/>\n\t<meta name=\"twitter:data1\" content=\"2 minutes\" \/>\n<script type=\"application\/ld+json\" class=\"yoast-schema-graph\">{\"@context\":\"https:\/\/schema.org\",\"@graph\":[{\"@type\":\"WebPage\",\"@id\":\"https:\/\/neolanguageservices.com\/es\/testimonios\/\",\"url\":\"https:\/\/neolanguageservices.com\/es\/testimonios\/\",\"name\":\"Testimonios de clientes\",\"isPartOf\":{\"@id\":\"https:\/\/neolanguageservices.com\/es\/#website\"},\"datePublished\":\"2013-07-02T07:54:52+00:00\",\"dateModified\":\"2014-11-15T15:32:28+00:00\",\"breadcrumb\":{\"@id\":\"https:\/\/neolanguageservices.com\/es\/testimonios\/#breadcrumb\"},\"inLanguage\":\"en-US\",\"potentialAction\":[{\"@type\":\"ReadAction\",\"target\":[\"https:\/\/neolanguageservices.com\/es\/testimonios\/\"]}]},{\"@type\":\"BreadcrumbList\",\"@id\":\"https:\/\/neolanguageservices.com\/es\/testimonios\/#breadcrumb\",\"itemListElement\":[{\"@type\":\"ListItem\",\"position\":1,\"name\":\"Home\",\"item\":\"https:\/\/neolanguageservices.com\/es\/\"},{\"@type\":\"ListItem\",\"position\":2,\"name\":\"Resultados: La opini\u00f3n de nuestros clientes lo dice todo.\"}]},{\"@type\":\"WebSite\",\"@id\":\"https:\/\/neolanguageservices.com\/es\/#website\",\"url\":\"https:\/\/neolanguageservices.com\/es\/\",\"name\":\"NEO language Services\",\"description\":\"Traducciones del espa\u00f1ol al ingl\u00e9s\",\"potentialAction\":[{\"@type\":\"SearchAction\",\"target\":{\"@type\":\"EntryPoint\",\"urlTemplate\":\"https:\/\/neolanguageservices.com\/es\/?s={search_term_string}\"},\"query-input\":{\"@type\":\"PropertyValueSpecification\",\"valueRequired\":true,\"valueName\":\"search_term_string\"}}],\"inLanguage\":\"en-US\"}]}<\/script>\n<!-- \/ Yoast SEO plugin. -->","yoast_head_json":{"title":"Testimonios de clientes","robots":{"index":"index","follow":"follow","max-snippet":"max-snippet:-1","max-image-preview":"max-image-preview:large","max-video-preview":"max-video-preview:-1"},"canonical":"https:\/\/neolanguageservices.com\/es\/testimonios\/","og_locale":"en_US","og_type":"article","og_title":"Testimonios de clientes","og_description":"&#8220;Llamamos a NEO siempre que necesitamos traducciones, correcciones o lecturas de prueba de documentos del espa\u00f1ol al ingl\u00e9s que requieran conocimientos legales tanto latinoamericanos como estadounidenses. Sarah Smith, su directora general, entrega sin falta documentos ...","og_url":"https:\/\/neolanguageservices.com\/es\/testimonios\/","og_site_name":"NEO language Services","article_modified_time":"2014-11-15T15:32:28+00:00","twitter_misc":{"Est. reading time":"2 minutes"},"schema":{"@context":"https:\/\/schema.org","@graph":[{"@type":"WebPage","@id":"https:\/\/neolanguageservices.com\/es\/testimonios\/","url":"https:\/\/neolanguageservices.com\/es\/testimonios\/","name":"Testimonios de clientes","isPartOf":{"@id":"https:\/\/neolanguageservices.com\/es\/#website"},"datePublished":"2013-07-02T07:54:52+00:00","dateModified":"2014-11-15T15:32:28+00:00","breadcrumb":{"@id":"https:\/\/neolanguageservices.com\/es\/testimonios\/#breadcrumb"},"inLanguage":"en-US","potentialAction":[{"@type":"ReadAction","target":["https:\/\/neolanguageservices.com\/es\/testimonios\/"]}]},{"@type":"BreadcrumbList","@id":"https:\/\/neolanguageservices.com\/es\/testimonios\/#breadcrumb","itemListElement":[{"@type":"ListItem","position":1,"name":"Home","item":"https:\/\/neolanguageservices.com\/es\/"},{"@type":"ListItem","position":2,"name":"Resultados: La opini\u00f3n de nuestros clientes lo dice todo."}]},{"@type":"WebSite","@id":"https:\/\/neolanguageservices.com\/es\/#website","url":"https:\/\/neolanguageservices.com\/es\/","name":"NEO language Services","description":"Traducciones del espa\u00f1ol al ingl\u00e9s","potentialAction":[{"@type":"SearchAction","target":{"@type":"EntryPoint","urlTemplate":"https:\/\/neolanguageservices.com\/es\/?s={search_term_string}"},"query-input":{"@type":"PropertyValueSpecification","valueRequired":true,"valueName":"search_term_string"}}],"inLanguage":"en-US"}]}},"_links":{"self":[{"href":"https:\/\/neolanguageservices.com\/es\/wp-json\/wp\/v2\/pages\/236","targetHints":{"allow":["GET"]}}],"collection":[{"href":"https:\/\/neolanguageservices.com\/es\/wp-json\/wp\/v2\/pages"}],"about":[{"href":"https:\/\/neolanguageservices.com\/es\/wp-json\/wp\/v2\/types\/page"}],"author":[{"embeddable":true,"href":"https:\/\/neolanguageservices.com\/es\/wp-json\/wp\/v2\/users\/2"}],"replies":[{"embeddable":true,"href":"https:\/\/neolanguageservices.com\/es\/wp-json\/wp\/v2\/comments?post=236"}],"version-history":[{"count":0,"href":"https:\/\/neolanguageservices.com\/es\/wp-json\/wp\/v2\/pages\/236\/revisions"}],"wp:attachment":[{"href":"https:\/\/neolanguageservices.com\/es\/wp-json\/wp\/v2\/media?parent=236"}],"curies":[{"name":"wp","href":"https:\/\/api.w.org\/{rel}","templated":true}]}}